{"id":1913,"date":"2014-12-01T10:08:18","date_gmt":"2014-12-01T07:08:18","guid":{"rendered":"http:\/\/new.superon.cn\/?page_id=1913"},"modified":"2020-06-20T08:16:58","modified_gmt":"2020-06-20T05:16:58","slug":"about-us","status":"publish","type":"page","link":"https:\/\/konsolid.cn\/es\/about-us\/","title":{"rendered":"SOBRE NOSOTROS"},"content":{"rendered":"<div class=\"su-tabs su-tabs-style-default su-tabs-mobile-scroll\" data-active=\"1\" data-scroll-offset=\"0\" data-anchor-in-url=\"no\"><div class=\"su-tabs-nav\"><span class=\"\" data-url=\"\" data-target=\"blank\" tabindex=\"0\" role=\"button\">ACERCA DE LA EMPRESA<\/span><span class=\"\" data-url=\"\" data-target=\"blank\" tabindex=\"0\" role=\"button\">T\u00c9RMINOS DE VENTA<\/span><span class=\"\" data-url=\"\" data-target=\"blank\" tabindex=\"0\" role=\"button\">T\u00c9RMINOS de ENVIO<\/span><span class=\"\" data-url=\"\" data-target=\"blank\" tabindex=\"0\" role=\"button\">GARANT\u00cdA DE CALIDAD<\/span><span class=\"\" data-url=\"\" data-target=\"blank\" tabindex=\"0\" role=\"button\">PREGUNTAS M\u00c1S FRECUENTES<\/span><\/div><div class=\"su-tabs-panes\"><div class=\"su-tabs-pane su-u-clearfix su-u-trim\" data-title=\"ACERCA DE LA EMPRESA\">\n\u201cKonsolid\u201d es un exportador de accesorios de muebles.<\/p>\n<p>Exportamos diferentes accesorios de muebles producidos en Asia bajo nuestro control de calidad. La variedad de productos puede ser vista en nuestra secci\u00f3n \u201cCat\u00e1logo\u201d.<\/p>\n<p>La principal caracter\u00edstica de nuestra empresa es que hacemos todo con la debida atenci\u00f3n y responsabilidad necesarias.<\/p>\n<p>Hemos verificamos la calidad y las caracter\u00edsticas t\u00e9cnicas de los productos, comparamos los art\u00edculos de diferentes fabricantes y garantizamos la correspondencia de los bienes con las muestras iniciales.<\/p>\n<p>Los contenedores son llenados con las mercancias en nuestro almac\u00e9n, bajo la supervisi\u00f3n de nuestro personal. Proveemos llenado de\u00a0contenedores mixtos y almacenamiento a corto plazo de los bienes hasta que sean\u00a0cargados.<\/p>\n<p>Al trabajar con nosotros, usted podr\u00e1s discutir todo.<\/p>\n<p>Muchas gracias. \ud83d\ude42<\/div>\n<div class=\"su-tabs-pane su-u-clearfix su-u-trim\" data-title=\"T\u00c9RMINOS DE VENTA\">\nNo tenemos una cantidad m\u00ednima de pedido\u00a0y tampoco una\u00a0cantidad\u00a0limitada de diversos productos,\u00a0por lo que puede comprar mercancias\u00a0de acuerdo con sus necesidades. Solo necesita considerar que en caso de pedidos inferiores a 10.000 d\u00f3lares americanos podemos requerir que usted pague una parte de los gastos de exportaci\u00f3n.<\/div>\n<div class=\"su-tabs-pane su-u-clearfix su-u-trim\" data-title=\"T\u00c9RMINOS de ENVIO\">\nLos precios son basados en FOB, env\u00edos a bordo y despachos de aduana. No proporcionamos servicios de despacho de aduana en su pa\u00eds.<\/div>\n<div class=\"su-tabs-pane su-u-clearfix su-u-trim\" data-title=\"GARANT\u00cdA DE CALIDAD\">\nNuestro personal inspecciona las mercancias\u00a0durante la producci\u00f3n y\/o antes del cargamento, por lo que podemos garantizar que todos los bienes est\u00e1n de acuerdo con la calidad acordada o con las muestras aprobadas.<\/p>\n<p>Adem\u00e1s de esto, cuando seleccionamos nuestros proveedores, verificamos la calidad y las caracter\u00edsticas t\u00e9cnicas en empresas de pruebas especializadas (tal como SGS) o en nuestro departamento de pruebas. Esto nos ayuda a escoger los productos m\u00e1s estables y los proveedores m\u00e1s confiables.<\/div>\n<div class=\"su-tabs-pane su-u-clearfix su-u-trim\" data-title=\"PREGUNTAS M\u00c1S FRECUENTES\">\n\r\n\r\n    \r\n    <ul class=\"filters faq\">\r\n         <li class=\"all\"><a href=\"#all\" data-option-value=\"*\" class=\"all active\"><div class=\"prepend\"><\/div>All Categories<\/a><\/li>\r\n         <li><a href=\"#delievery-faq\" data-option-value=\".delievery-faq\">Delievery FAQ<\/a><\/li><li><a href=\"#general-faq\" data-option-value=\".general-faq\">General FAQ<\/a><\/li><li><a href=\"#prices-faq\" data-option-value=\".prices-faq\">Prices FAQ<\/a><\/li>    <\/ul>\r\n\r\n\r\n    <div class=\"faq-filters-container\">\r\n        <div class=\"faq-filters group\">\r\n            <p><\/p>\r\n            <select id=\"faq-filters-select\">\r\n                <option value=\"*\">All Categories<\/option>\r\n                                    <option value=\".delievery-faq\">Delievery FAQ<\/option>\r\n                                    <option value=\".general-faq\">General FAQ<\/option>\r\n                                    <option value=\".prices-faq\">Prices FAQ<\/option>\r\n                            <\/select>\r\n        <\/div>\r\n    <\/div>\r\n\r\n\r\n<div id=\"faqs-container\">\r\n    \r\n        <div class=\"faq-wrapper all general-faq \">\r\n            <div class=\"faq-title\">\r\n                <div class=\"plus\"><\/div>\r\n                <h4>\u00bfTienen alg\u00fan negociante o representante fuera de China?<\/h4>\r\n            <\/div>\r\n            <div class=\"faq-item\">\r\n                <div class=\"faq-item-content\">\r\n                    <p>No, no tenemos, pero estaremos encantados de cooperar directamente. De momento nuestra empresa no firma ning\u00fan acuerdo relacionado con concesiones o representaciones. n.<\/p>\n                <\/div>\r\n            <\/div>\r\n        <\/div>\r\n\r\n    \r\n        <div class=\"faq-wrapper all delievery-faq \">\r\n            <div class=\"faq-title\">\r\n                <div class=\"plus\"><\/div>\r\n                <h4>\u00bfCu\u00e1les son los costos de env\u00edo?<\/h4>\r\n            <\/div>\r\n            <div class=\"faq-item\">\r\n                <div class=\"faq-item-content\">\r\n                    <p>Solo ofrecemos precios FOB. En cuanto al transporte, usted puede contactar\u00a0a cualquier empresa de transporte y preguntarle por los costos de flete maritimo.<\/p>\n                <\/div>\r\n            <\/div>\r\n        <\/div>\r\n\r\n    \r\n        <div class=\"faq-wrapper all delievery-faq \">\r\n            <div class=\"faq-title\">\r\n                <div class=\"plus\"><\/div>\r\n                <h4>\u00bfCu\u00e1l es el costo aproximado de un contenedor de bienes en China?<\/h4>\r\n            <\/div>\r\n            <div class=\"faq-item\">\r\n                <div class=\"faq-item-content\">\r\n                    <p>Depende de los bienes, en general el valor total del pedido de un contenedor varia desde 25000 d\u00f3lares americanos hasta 60000 d\u00f3lares y m\u00e1s.<\/p>\n                <\/div>\r\n            <\/div>\r\n        <\/div>\r\n\r\n    \r\n        <div class=\"faq-wrapper all general-faq \">\r\n            <div class=\"faq-title\">\r\n                <div class=\"plus\"><\/div>\r\n                <h4>\u00bfPodemos pedir menos que un contenedor?<\/h4>\r\n            <\/div>\r\n            <div class=\"faq-item\">\r\n                <div class=\"faq-item-content\">\r\n                    <p>S\u00ed, pueden hacer un pedido por una cantidad peque\u00f1a. En caso de pedidos con montos inferiores a 10000 d\u00f3lares americanos podemos pedirle pagar algunos gastos de exportaci\u00f3n.<\/p>\n                <\/div>\r\n            <\/div>\r\n        <\/div>\r\n\r\n    \r\n        <div class=\"faq-wrapper all general-faq \">\r\n            <div class=\"faq-title\">\r\n                <div class=\"plus\"><\/div>\r\n                <h4>\u00bfPueden enviar las muestras para verificar la calidad?<\/h4>\r\n            <\/div>\r\n            <div class=\"faq-item\">\r\n                <div class=\"faq-item-content\">\r\n                    <p>S\u00ed, podemos enviar muestras para usted luego de hacer un pedido y discutir los precios y otros detalles. Puede realizar el dep\u00f3sito inicial luego de ver las muestras.<\/p>\n                <\/div>\r\n            <\/div>\r\n        <\/div>\r\n\r\n    \r\n        <div class=\"faq-wrapper all general-faq \">\r\n            <div class=\"faq-title\">\r\n                <div class=\"plus\"><\/div>\r\n                <h4>\u00bfPueden proveer productos que no est\u00e9n presentes en su p\u00e1gina web?<\/h4>\r\n            <\/div>\r\n            <div class=\"faq-item\">\r\n                <div class=\"faq-item-content\">\r\n                    <p>S\u00ed, si estos productos est\u00e1n relacionados con los accesorios de muebles. S\u00f3lo necesita enviarnos la foto, boceto (en cualquier formato) o explicaci\u00f3n de los detalles.<\/p>\n                <\/div>\r\n            <\/div>\r\n        <\/div>\r\n\r\n    \r\n        <div class=\"faq-wrapper all general-faq \">\r\n            <div class=\"faq-title\">\r\n                <div class=\"plus\"><\/div>\r\n                <h4>\u00bfCu\u00e1l es el periodo de producci\u00f3n?<\/h4>\r\n            <\/div>\r\n            <div class=\"faq-item\">\r\n                <div class=\"faq-item-content\">\r\n                    <p>Normalmente lleva de 25 a 30 d\u00edas completar su pedido. Depende de los productos, cantidad y carga\u00a0de trabajo de las f\u00e1bricas.<\/p>\n                <\/div>\r\n            <\/div>\r\n        <\/div>\r\n\r\n    \r\n        <div class=\"faq-wrapper all prices-faq \">\r\n            <div class=\"faq-title\">\r\n                <div class=\"plus\"><\/div>\r\n                <h4>\u00bfPueden enviarnos listas de precios completas?<\/h4>\r\n            <\/div>\r\n            <div class=\"faq-item\">\r\n                <div class=\"faq-item-content\">\r\n                    <p>No, no preparamos listas de precios completas de los productos presentados en nuestra p\u00e1gina web. Porque los productos son producidos luego de su pedido y los costos de las materias primas (as\u00ed como otros costos) cambian contantemente, por lo que tendr\u00edamos que actualizar los precios muy a menudo. Por cierto, esto le ayuda a comprar los bienes a precios de mercado y no superior.<\/p>\n                <\/div>\r\n            <\/div>\r\n        <\/div>\r\n\r\n    \r\n        <div class=\"faq-wrapper all prices-faq \">\r\n            <div class=\"faq-title\">\r\n                <div class=\"plus\"><\/div>\r\n                <h4>\u00bfC\u00f3mo puedo conseguir sus precios?<\/h4>\r\n            <\/div>\r\n            <div class=\"faq-item\">\r\n                <div class=\"faq-item-content\">\r\n                    <p>Simplemente env\u00ede una lista de petici\u00f3n desde nuestra p\u00e1gina web.<\/p>\n<p>Por favor vea el cat\u00e1logo online. Junto a cada art\u00edculo ver\u00e1 el bot\u00f3n \u201cpetici\u00f3n\u201d. Una vez haga clic en \u00e9l, este art\u00edculo ser\u00e1 agregado autom\u00e1ticamente a la \u201clista de petici\u00f3n\u201d. Una vez que haya agregado todos los art\u00edculos interesantes, simplemente haga clic en el bot\u00f3n \u201cEnviar petici\u00f3n\u201d, el cual encontrar\u00e1 en la parte superior de la p\u00e1gina. Luego de eso, solo necesitar\u00e1 introducir sus detalles de contacto (\u00fanicamente nombre, tel\u00e9fono y correo electr\u00f3nico) y finalizar el proceso de pedido. Esta lista ser\u00e1 enviada a nuestro gerente inmediatamente. Entraremos en contacto con usted en el mismo d\u00eda o al d\u00eda siguiente para m\u00e1s detalles y luego responderemos con los precios entre 2 y 3 d\u00edas. Por favor, introduzca sus detalles de contacto de manera precisa para permitirnos entrar en contacto con usted, ya que nuestros gerentes no pueden responder sin entrar en contacto con usted.<\/p>\n                <\/div>\r\n            <\/div>\r\n        <\/div>\r\n\r\n    \r\n        <div class=\"faq-wrapper all general-faq \">\r\n            <div class=\"faq-title\">\r\n                <div class=\"plus\"><\/div>\r\n                <h4>Mejor momento para llamarnos<\/h4>\r\n            <\/div>\r\n            <div class=\"faq-item\">\r\n                <div class=\"faq-item-content\">\r\n                    <p>Nuestro personal de exportaciones se encuentra en la oficina de 10 a.m. a 7 p.m. todos los d\u00edas laborales. Por lo que usted puede llamarnos en cualquier momento durante este periodo, teniendo en cuenta la diferencia horaria de su pa\u00eds y China. La zona horaria de China es GTM+8.<\/p>\n                <\/div>\r\n            <\/div>\r\n        <\/div>\r\n\r\n    <\/div><\/div><\/div><\/div>","protected":false},"excerpt":{"rendered":"","protected":false},"author":2,"featured_media":0,"parent":0,"menu_order":0,"comment_status":"closed","ping_status":"closed","template":"","meta":{"footnotes":""},"class_list":["post-1913","page","type-page","status-publish","hentry","no-featured-image-padding"],"_links":{"self":[{"href":"https:\/\/konsolid.cn\/es\/wp-json\/wp\/v2\/pages\/1913","targetHints":{"allow":["GET"]}}],"collection":[{"href":"https:\/\/konsolid.cn\/es\/wp-json\/wp\/v2\/pages"}],"about":[{"href":"https:\/\/konsolid.cn\/es\/wp-json\/wp\/v2\/types\/page"}],"author":[{"embeddable":true,"href":"https:\/\/konsolid.cn\/es\/wp-json\/wp\/v2\/users\/2"}],"replies":[{"embeddable":true,"href":"https:\/\/konsolid.cn\/es\/wp-json\/wp\/v2\/comments?post=1913"}],"version-history":[{"count":0,"href":"https:\/\/konsolid.cn\/es\/wp-json\/wp\/v2\/pages\/1913\/revisions"}],"wp:attachment":[{"href":"https:\/\/konsolid.cn\/es\/wp-json\/wp\/v2\/media?parent=1913"}],"curies":[{"name":"wp","href":"https:\/\/api.w.org\/{rel}","templated":true}]}}