{"id":1135830,"date":"2007-01-07T00:00:00","date_gmt":"2007-01-06T21:00:00","guid":{"rendered":"https:\/\/superon.cn\/catalogue\/uncategorized\/07-415\/"},"modified":"2026-04-30T05:57:53","modified_gmt":"2026-04-30T02:57:53","slug":"07-415","status":"publish","type":"product","link":"https:\/\/konsolid.cn\/es\/catalogue\/07-brackets\/lifting-brackets\/07-415\/","title":{"rendered":"Sujetapuertas"},"content":{"rendered":"07-415-SU, 07-415-SD: longitud del brazo desde el centro 132 mm<br \/>07-415-LU, 07-415-LD: longitud del brazo desde el centro 185 mm<\/p>\n<p>07-415-SU, 07-415-LU: para apertura hacia arriba<br \/>07-415-SD, 07-415-LD: para apertura hacia abajo<\/p>\n<p>&#8211; buffer de aceite incorporado para un movimiento suave y silencioso<br \/>&#8211; instalaci\u00f3n r\u00e1pida de la puerta (se puede instalar y quitar f\u00e1cilmente)<br \/>&#8211; si la puerta es superior a 600 mm, se deben instalar dos soportes","protected":false},"excerpt":{"rendered":"<p>07-415-SU, 07-415-SD: longitud del brazo desde el centro 132 mm07-415-LU, 07-415-LD: longitud del brazo desde el centro 185 mm 07-415-SU, 07-415-LU: para apertura hacia arriba07-415-SD, 07-415-LD: para apertura hacia abajo &#8211; buffer de aceite incorporado para un movimiento suave y silencioso&#8211; instalaci\u00f3n r\u00e1pida de la puerta (se puede instalar y quitar f\u00e1cilmente)&#8211; si la puerta &#8230; <\/p>\n<p class=\"read-more-container\"><a title=\"Sujetapuertas\" class=\"read-more button\" href=\"https:\/\/konsolid.cn\/es\/catalogue\/07-brackets\/lifting-brackets\/07-415\/#more-1135830\">Read more<span class=\"screen-reader-text\">Sujetapuertas<\/span><\/a><\/p>\n","protected":false},"featured_media":0,"comment_status":"open","ping_status":"closed","template":"","meta":[],"product_brand":[],"product_cat":[368338,368421],"product_tag":[],"class_list":{"0":"post-1135830","1":"product","2":"type-product","3":"status-publish","5":"product_cat-07-brackets","6":"product_cat-lifting-brackets","7":"no-featured-image-padding","8":"sales-flash-overlay","9":"woocommerce-text-align-center","10":"woocommerce-image-align-center","11":"do-quantity-buttons","13":"first","14":"instock","15":"shipping-taxable","16":"purchasable","17":"product-type-variable"},"_links":{"self":[{"href":"https:\/\/konsolid.cn\/es\/wp-json\/wp\/v2\/product\/1135830","targetHints":{"allow":["GET"]}}],"collection":[{"href":"https:\/\/konsolid.cn\/es\/wp-json\/wp\/v2\/product"}],"about":[{"href":"https:\/\/konsolid.cn\/es\/wp-json\/wp\/v2\/types\/product"}],"replies":[{"embeddable":true,"href":"https:\/\/konsolid.cn\/es\/wp-json\/wp\/v2\/comments?post=1135830"}],"wp:attachment":[{"href":"https:\/\/konsolid.cn\/es\/wp-json\/wp\/v2\/media?parent=1135830"}],"wp:term":[{"taxonomy":"product_brand","embeddable":true,"href":"https:\/\/konsolid.cn\/es\/wp-json\/wp\/v2\/product_brand?post=1135830"},{"taxonomy":"product_cat","embeddable":true,"href":"https:\/\/konsolid.cn\/es\/wp-json\/wp\/v2\/product_cat?post=1135830"},{"taxonomy":"product_tag","embeddable":true,"href":"https:\/\/konsolid.cn\/es\/wp-json\/wp\/v2\/product_tag?post=1135830"}],"curies":[{"name":"wp","href":"https:\/\/api.w.org\/{rel}","templated":true}]}}