{"id":1139104,"date":"2007-01-07T00:00:00","date_gmt":"2007-01-06T21:00:00","guid":{"rendered":"https:\/\/superon.cn\/catalogue\/uncategorized\/01-451\/"},"modified":"2026-04-30T05:59:41","modified_gmt":"2026-04-30T02:59:41","slug":"01-451","status":"publish","type":"product","link":"https:\/\/konsolid.cn\/tr\/catalogue\/01-hinges\/for-aluminium-frames\/01-451\/","title":{"rendered":"Al\u00fcminyum \u00e7er\u00e7eve mente\u015fesi, klipsli"},"content":{"rendered":"A\u00e7\u0131lma a\u00e7\u0131s\u0131: 95\u00b0<br \/>Installation: klipsli<br \/>Bindirme ayar\u0131: \u00b12.5mm<br \/>Derinlik ayar\u0131: \u00b12.5mm<br \/>Y\u00fckseklik ayar\u0131: \u00b12.0mm","protected":false},"excerpt":{"rendered":"<p>A\u00e7\u0131lma a\u00e7\u0131s\u0131: 95\u00b0Installation: klipsliBindirme ayar\u0131: \u00b12.5mmDerinlik ayar\u0131: \u00b12.5mmY\u00fckseklik ayar\u0131: \u00b12.0mm<\/p>\n","protected":false},"featured_media":0,"comment_status":"open","ping_status":"closed","template":"","meta":[],"product_brand":[],"product_cat":[368326,368420],"product_tag":[],"class_list":{"0":"post-1139104","1":"product","2":"type-product","3":"status-publish","5":"product_cat-01-hinges","6":"product_cat-for-aluminium-frames","7":"no-featured-image-padding","8":"sales-flash-overlay","9":"woocommerce-text-align-center","10":"woocommerce-image-align-center","11":"do-quantity-buttons","13":"first","14":"instock","15":"shipping-taxable","16":"purchasable","17":"product-type-variable"},"_links":{"self":[{"href":"https:\/\/konsolid.cn\/tr\/wp-json\/wp\/v2\/product\/1139104","targetHints":{"allow":["GET"]}}],"collection":[{"href":"https:\/\/konsolid.cn\/tr\/wp-json\/wp\/v2\/product"}],"about":[{"href":"https:\/\/konsolid.cn\/tr\/wp-json\/wp\/v2\/types\/product"}],"replies":[{"embeddable":true,"href":"https:\/\/konsolid.cn\/tr\/wp-json\/wp\/v2\/comments?post=1139104"}],"wp:attachment":[{"href":"https:\/\/konsolid.cn\/tr\/wp-json\/wp\/v2\/media?parent=1139104"}],"wp:term":[{"taxonomy":"product_brand","embeddable":true,"href":"https:\/\/konsolid.cn\/tr\/wp-json\/wp\/v2\/product_brand?post=1139104"},{"taxonomy":"product_cat","embeddable":true,"href":"https:\/\/konsolid.cn\/tr\/wp-json\/wp\/v2\/product_cat?post=1139104"},{"taxonomy":"product_tag","embeddable":true,"href":"https:\/\/konsolid.cn\/tr\/wp-json\/wp\/v2\/product_tag?post=1139104"}],"curies":[{"name":"wp","href":"https:\/\/api.w.org\/{rel}","templated":true}]}}